{"id":8046,"date":"2020-02-07T02:19:20","date_gmt":"2020-02-07T02:19:20","guid":{"rendered":"https:\/\/www.ent-brahem.com\/contact\/"},"modified":"2022-08-16T15:00:23","modified_gmt":"2022-08-16T13:00:23","slug":"contact","status":"publish","type":"page","link":"https:\/\/www.ent-brahem.com\/en\/contact\/","title":{"rendered":"Contact"},"content":{"rendered":"\t\t<div data-elementor-type=\"wp-page\" data-elementor-id=\"8046\" class=\"elementor elementor-8046 elementor-3510\" data-elementor-settings=\"[]\">\n\t\t\t\t\t\t\t<div class=\"elementor-section-wrap\">\n\t\t\t\t\t        <section class=\"elementor-section elementor-top-section elementor-element elementor-element-1ef182c3 elementor-section-stretched elementor-section-boxed elementor-section-height-default elementor-section-height-default ct-header-fixed-none ct-row-max-none\" data-id=\"1ef182c3\" data-element_type=\"section\" data-settings=\"{&quot;stretch_section&quot;:&quot;section-stretched&quot;,&quot;background_background&quot;:&quot;classic&quot;}\">\n                            <div class=\"elementor-background-overlay\"><\/div>\n                \n                        <div class=\"elementor-container elementor-column-gap-extended \">\n                    <div class=\"elementor-column elementor-col-100 elementor-top-column elementor-element elementor-element-566b9921\" data-id=\"566b9921\" data-element_type=\"column\">\n            <div class=\"elementor-widget-wrap elementor-element-populated\">\n                                <section class=\"elementor-section elementor-inner-section elementor-element elementor-element-2fc27fd7 elementor-section-boxed elementor-section-height-default elementor-section-height-default ct-header-fixed-none ct-row-max-none\" data-id=\"2fc27fd7\" data-element_type=\"section\">\n            \n                        <div class=\"elementor-container elementor-column-gap-extended \">\n                    <div class=\"elementor-column elementor-col-50 elementor-inner-column elementor-element elementor-element-37ecd392 partie-contact\" data-id=\"37ecd392\" data-element_type=\"column\">\n            <div class=\"elementor-widget-wrap elementor-element-populated\">\n                        \t\t<div class=\"elementor-element elementor-element-6ddcc6c elementor-widget elementor-widget-ct_heading\" data-id=\"6ddcc6c\" data-element_type=\"widget\" data-widget_type=\"ct_heading.default\">\n\t\t\t\t<div class=\"elementor-widget-container\">\n\t\t\t<div id=\"ct_heading-6ddcc6c\" class=\"ct-heading h-align- sub-style1 ct-heading-left item-st-default\">\n\t<div class=\"ct-inline-css\"  data-css=\"\n        \">\n    <\/div>\n        <h3 class=\"item--title st-default wow wow fadeInLeft\" data-wow-delay=\"ms\">\n                <span class=\"sp-main\">\n            \n            Contact us\n            \n                    <\/span>\n            <\/h3>\n<\/div>\t\t<\/div>\n\t\t\t\t<\/div>\n\t\t\t\t<div class=\"elementor-element elementor-element-60636a70 elementor-widget elementor-widget-ct_fancy_box\" data-id=\"60636a70\" data-element_type=\"widget\" data-widget_type=\"ct_fancy_box.default\">\n\t\t\t\t<div class=\"elementor-widget-container\">\n\t\t\t<div class=\"ct-fancy-box ct-fancy-box-layout3 style1 wow fadeInUp\" data-wow-delay=\"ms\">\n            <div class=\"item--icon\">\n            <i aria-hidden=\"true\" class=\"fas fa-map-marker-alt\"><\/i>        <\/div>\n            <div class=\"item--holder\">\n        <h3 class=\"item--title\">\n            Address        <\/h3>\n        <div class=\"item--description\"><p>The head office : <\/p> 30 Avenue Habib Bourguiba Block \"A\" DRC, 2010 Manouba \n<br><br>\n<p>Technical headquarters : <\/p> 30 Avenue Habib Bourguiba Block \"C\" DRC, 2010 Manouba<\/div>\n    <\/div>\n<\/div>\t\t<\/div>\n\t\t\t\t<\/div>\n\t\t\t\t<div class=\"elementor-element elementor-element-18b7ca15 class-telephon elementor-widget elementor-widget-ct_fancy_box\" data-id=\"18b7ca15\" data-element_type=\"widget\" data-widget_type=\"ct_fancy_box.default\">\n\t\t\t\t<div class=\"elementor-widget-container\">\n\t\t\t<div class=\"ct-fancy-box ct-fancy-box-layout3 style2 wow fadeInUp\" data-wow-delay=\"ms\">\n            <div class=\"item--icon\">\n            <i aria-hidden=\"true\" class=\"fas fa-phone-alt\"><\/i>        <\/div>\n            <div class=\"item--holder\">\n        <h3 class=\"item--title\">\n            Telephone :        <\/h3>\n        <div class=\"item--description\"> <a href=\"tel:+216.70.615.864\">+216 70 615 864<\/a><\/div>\n    <\/div>\n<\/div>\t\t<\/div>\n\t\t\t\t<\/div>\n\t\t\t\t<div class=\"elementor-element elementor-element-1b301a3e class-fax elementor-widget elementor-widget-ct_fancy_box\" data-id=\"1b301a3e\" data-element_type=\"widget\" data-widget_type=\"ct_fancy_box.default\">\n\t\t\t\t<div class=\"elementor-widget-container\">\n\t\t\t<div class=\"ct-fancy-box ct-fancy-box-layout3 style2 wow fadeInUp\" data-wow-delay=\"ms\">\n                <div class=\"item--icon\">\n            <img width=\"31\" height=\"31\" src=\"https:\/\/www.ent-brahem.com\/wp-content\/uploads\/2022\/02\/fax.png\" class=\"attachment-full\" alt=\"\" \/>        <\/div>\n        <div class=\"item--holder\">\n        <h3 class=\"item--title\">\n            Fax :         <\/h3>\n        <div class=\"item--description\"><a href=\"tel:+216.70.615.873\">+216 70 615 873<\/a><\/div>\n    <\/div>\n<\/div>\t\t<\/div>\n\t\t\t\t<\/div>\n\t\t\t\t<div class=\"elementor-element elementor-element-24b01e8 class-email elementor-widget elementor-widget-ct_fancy_box\" data-id=\"24b01e8\" data-element_type=\"widget\" data-widget_type=\"ct_fancy_box.default\">\n\t\t\t\t<div class=\"elementor-widget-container\">\n\t\t\t<div class=\"ct-fancy-box ct-fancy-box-layout3 style2 wow fadeInUp\" data-wow-delay=\"ms\">\n            <div class=\"item--icon\">\n            <i aria-hidden=\"true\" class=\"flaticonv3 flaticonv3-envelope\"><\/i>        <\/div>\n            <div class=\"item--holder\">\n        <h3 class=\"item--title\">\n            E-mail:        <\/h3>\n        <div class=\"item--description\"><a href = \"mailto: info@ent-brahem.com\">info@ent-brahem.com<\/a><\/div>\n    <\/div>\n<\/div>\t\t<\/div>\n\t\t\t\t<\/div>\n\t\t            <\/div>\n        <\/div>\n                <div class=\"elementor-column elementor-col-50 elementor-inner-column elementor-element elementor-element-2c6b7216\" data-id=\"2c6b7216\" data-element_type=\"column\">\n            <div class=\"elementor-widget-wrap elementor-element-populated\">\n                        \t\t<div class=\"elementor-element elementor-element-ebea9dd contact-form elementor-widget elementor-widget-shortcode\" data-id=\"ebea9dd\" data-element_type=\"widget\" data-widget_type=\"shortcode.default\">\n\t\t\t\t<div class=\"elementor-widget-container\">\n\t\t\t\t\t<div class=\"elementor-shortcode\">\n                <div class='gf_browser_gecko gform_wrapper' id='gform_wrapper_1' ><form method='post' enctype='multipart\/form-data'  id='gform_1'  action='\/en\/wp-json\/wp\/v2\/pages\/8046'><div class=\"inv-recaptcha-holder\"><\/div>\n                        <div class='gform_body'><ul id='gform_fields_1' class='gform_fields top_label form_sublabel_below description_below'><li id='field_1_1' class='gfield gf_left_half field_sublabel_below field_description_below gfield_visibility_visible' ><label class='gfield_label' for='input_1_1' ><\/label><div class='ginput_container ginput_container_text'><input name='input_1' id='input_1_1' type='text' value='' class='large'  tabindex='1'  placeholder='Nom'  aria-invalid=\"false\" \/><\/div><\/li><li id='field_1_3' class='gfield gf_right_half field_sublabel_below field_description_below gfield_visibility_visible' ><label class='gfield_label' for='input_1_3' ><\/label><div class='ginput_container ginput_container_text'><input name='input_3' id='input_1_3' type='text' value='' class='large'  tabindex='2'  placeholder='Pr\u00e9nom'  aria-invalid=\"false\" \/><\/div><\/li><li id='field_1_6' class='gfield gf_right_half field_sublabel_below field_description_below gfield_visibility_visible' ><label class='gfield_label' for='input_1_6' ><\/label><div class='ginput_container ginput_container_email'>\n                            <input name='input_6' id='input_1_6' type='text' value='' class='large' tabindex='3'   placeholder='E-mail'  aria-invalid=\"false\"\/>\n                        <\/div><\/li><li id='field_1_7' class='gfield gf_right_half field_sublabel_below field_description_below gfield_visibility_visible' ><label class='gfield_label' for='input_1_7' ><\/label><div class='ginput_container ginput_container_phone'><input name='input_7' id='input_1_7' type='text' value='' class='large' tabindex='4'  placeholder='Num\u00e9ro T\u00e9l\u00e9phone'  aria-invalid=\"false\" \/><\/div><\/li><li id='field_1_10' class='gfield field_sublabel_below field_description_below gfield_visibility_visible' ><label class='gfield_label' for='input_1_10' ><\/label><div class='ginput_container ginput_container_textarea'><textarea name='input_10' id='input_1_10' class='textarea large' tabindex='5'  placeholder='Message'  aria-invalid=\"false\"   rows='10' cols='50'><\/textarea><\/div><\/li>\n                            <\/ul><\/div>\n        <div class='gform_footer top_label'> <input type='submit' id='gform_submit_button_1' class='gform_button button' value='Envoyer' tabindex='6' onclick='if(window[\"gf_submitting_1\"]){return false;}  window[\"gf_submitting_1\"]=true;  ' onkeypress='if( event.keyCode == 13 ){ if(window[\"gf_submitting_1\"]){return false;} window[\"gf_submitting_1\"]=true;  jQuery(\"#gform_1\").trigger(\"submit\",[true]); }' \/> \n            <input type='hidden' class='gform_hidden' name='is_submit_1' value='1' \/>\n            <input type='hidden' class='gform_hidden' name='gform_submit' value='1' \/>\n            \n            <input type='hidden' class='gform_hidden' name='gform_unique_id' value='' \/>\n            <input type='hidden' class='gform_hidden' name='state_1' value='WyJbXSIsIjMxMzhmOTVhOWM2NzNhN2Y3N2EyZThhYzhhYWJhNDgxIl0=' \/>\n            <input type='hidden' class='gform_hidden' name='gform_target_page_number_1' id='gform_target_page_number_1' value='0' \/>\n            <input type='hidden' class='gform_hidden' name='gform_source_page_number_1' id='gform_source_page_number_1' value='1' \/>\n            <input type='hidden' name='gform_field_values' value='' \/>\n            \n        <\/div>\n                        <\/form>\n                        <\/div><script type='text\/javascript'> jQuery(document).bind('gform_post_render', function(event, formId, currentPage){if(formId == 1) {if(typeof Placeholders != 'undefined'){\n                        Placeholders.enable();\n                    }} } );jQuery(document).bind('gform_post_conditional_logic', function(event, formId, fields, isInit){} );<\/script><script type='text\/javascript'> jQuery(document).ready(function(){jQuery(document).trigger('gform_post_render', [1, 1]) } ); <\/script><\/div>\n\t\t\t\t<\/div>\n\t\t\t\t<\/div>\n\t\t            <\/div>\n        <\/div>\n                            <\/div>\n        <\/section>\n                    <\/div>\n        <\/div>\n                            <\/div>\n        <\/section>\n                <section class=\"elementor-section elementor-top-section elementor-element elementor-element-dbe3354 elementor-section-stretched map-contact elementor-section-boxed elementor-section-height-default elementor-section-height-default ct-header-fixed-none ct-row-max-none\" data-id=\"dbe3354\" data-element_type=\"section\" data-settings=\"{&quot;stretch_section&quot;:&quot;section-stretched&quot;}\">\n            \n                        <div class=\"elementor-container elementor-column-gap-default \">\n                    <div class=\"elementor-column elementor-col-100 elementor-top-column elementor-element elementor-element-2cd3282\" data-id=\"2cd3282\" data-element_type=\"column\">\n            <div class=\"elementor-widget-wrap elementor-element-populated\">\n                        \t\t<div class=\"elementor-element elementor-element-f9118b0 elementor-widget elementor-widget-shortcode\" data-id=\"f9118b0\" data-element_type=\"widget\" data-widget_type=\"shortcode.default\">\n\t\t\t\t<div class=\"elementor-widget-container\">\n\t\t\t\t\t<div class=\"elementor-shortcode\"><iframe src=\"https:\/\/www.google.com\/maps\/embed?pb=!1m18!1m12!1m3!1d3194.32919810138!2d10.092102515134314!3d36.81063067481248!2m3!1f0!2f0!3f0!3m2!1i1024!2i768!4f13.1!3m3!1m2!1s0x12fd326e59814457%3A0xde78c374e58279f0!2sEBE!5e0!3m2!1sfr!2stn!4v1646733102605!5m2!1sfr!2stn\" width=\"600\" height=\"450\" style=\"border:0;\" allowfullscreen=\"\" loading=\"lazy\"><\/iframe><\/div>\n\t\t\t\t<\/div>\n\t\t\t\t<\/div>\n\t\t            <\/div>\n        <\/div>\n                            <\/div>\n        <\/section>\n        \t\t\t\t<\/div>\n\t\t\t\t\t<\/div>\n\t\t","protected":false},"excerpt":{"rendered":"<p>Contact us Address The head office : 30 Avenue Habib Bourguiba Block &#8220;A&#8221; DRC, 2010 Manouba Technical headquarters : 30 Avenue Habib Bourguiba Block &#8220;C&#8221; DRC, 2010 Manouba Telephone : +216 70 615 864 Fax : +216 70 615 873 E-mail: info@ent-brahem.com<\/p>\n","protected":false},"author":1,"featured_media":0,"parent":0,"menu_order":0,"comment_status":"closed","ping_status":"closed","template":"","meta":[],"yoast_head":"<!-- This site is optimized with the Yoast SEO Premium plugin v19.2.1 (Yoast SEO v19.6.1) - https:\/\/yoast.com\/wordpress\/plugins\/seo\/ -->\n<title>Contact - Ent brahem<\/title>\n<meta name=\"robots\" content=\"index, follow, max-snippet:-1, max-image-preview:large, max-video-preview:-1\" \/>\n<link rel=\"canonical\" href=\"https:\/\/www.ent-brahem.com\/en\/contact\/\" \/>\n<meta property=\"og:locale\" content=\"en_US\" \/>\n<meta property=\"og:type\" content=\"article\" \/>\n<meta property=\"og:title\" content=\"Contact\" \/>\n<meta property=\"og:description\" content=\"Contact us Address The head office : 30 Avenue Habib Bourguiba Block &#8220;A&#8221; DRC, 2010 Manouba Technical headquarters : 30 Avenue Habib Bourguiba Block &#8220;C&#8221; DRC, 2010 Manouba Telephone : +216 70 615 864 Fax : +216 70 615 873 E-mail: info@ent-brahem.com\" \/>\n<meta property=\"og:url\" content=\"https:\/\/www.ent-brahem.com\/en\/contact\/\" \/>\n<meta property=\"og:site_name\" content=\"Ent brahem\" \/>\n<meta property=\"article:modified_time\" content=\"2022-08-16T13:00:23+00:00\" \/>\n<meta property=\"og:image\" content=\"https:\/\/www.ent-brahem.com\/wp-content\/uploads\/2022\/02\/fax.png\" \/>\n<meta name=\"twitter:card\" content=\"summary_large_image\" \/>\n<script type=\"application\/ld+json\" class=\"yoast-schema-graph\">{\"@context\":\"https:\/\/schema.org\",\"@graph\":[{\"@type\":\"WebPage\",\"@id\":\"https:\/\/www.ent-brahem.com\/en\/contact\/\",\"url\":\"https:\/\/www.ent-brahem.com\/en\/contact\/\",\"name\":\"Contact - Ent brahem\",\"isPartOf\":{\"@id\":\"https:\/\/www.ent-brahem.com\/#website\"},\"datePublished\":\"2020-02-07T02:19:20+00:00\",\"dateModified\":\"2022-08-16T13:00:23+00:00\",\"breadcrumb\":{\"@id\":\"https:\/\/www.ent-brahem.com\/en\/contact\/#breadcrumb\"},\"inLanguage\":\"en-US\",\"potentialAction\":[{\"@type\":\"ReadAction\",\"target\":[\"https:\/\/www.ent-brahem.com\/en\/contact\/\"]}]},{\"@type\":\"BreadcrumbList\",\"@id\":\"https:\/\/www.ent-brahem.com\/en\/contact\/#breadcrumb\",\"itemListElement\":[{\"@type\":\"ListItem\",\"position\":1,\"name\":\"Accueil\",\"item\":\"https:\/\/www.ent-brahem.com\/en\/\"},{\"@type\":\"ListItem\",\"position\":2,\"name\":\"Contact\"}]},{\"@type\":\"WebSite\",\"@id\":\"https:\/\/www.ent-brahem.com\/#website\",\"url\":\"https:\/\/www.ent-brahem.com\/\",\"name\":\"Ent brahem\",\"description\":\"Entreprise Brahem Equipement\",\"potentialAction\":[{\"@type\":\"SearchAction\",\"target\":{\"@type\":\"EntryPoint\",\"urlTemplate\":\"https:\/\/www.ent-brahem.com\/?s={search_term_string}\"},\"query-input\":\"required name=search_term_string\"}],\"inLanguage\":\"en-US\"}]}<\/script>\n<!-- \/ Yoast SEO Premium plugin. -->","yoast_head_json":{"title":"Contact - Ent brahem","robots":{"index":"index","follow":"follow","max-snippet":"max-snippet:-1","max-image-preview":"max-image-preview:large","max-video-preview":"max-video-preview:-1"},"canonical":"https:\/\/www.ent-brahem.com\/en\/contact\/","og_locale":"en_US","og_type":"article","og_title":"Contact","og_description":"Contact us Address The head office : 30 Avenue Habib Bourguiba Block &#8220;A&#8221; DRC, 2010 Manouba Technical headquarters : 30 Avenue Habib Bourguiba Block &#8220;C&#8221; DRC, 2010 Manouba Telephone : +216 70 615 864 Fax : +216 70 615 873 E-mail: info@ent-brahem.com","og_url":"https:\/\/www.ent-brahem.com\/en\/contact\/","og_site_name":"Ent brahem","article_modified_time":"2022-08-16T13:00:23+00:00","og_image":[{"url":"https:\/\/www.ent-brahem.com\/wp-content\/uploads\/2022\/02\/fax.png"}],"twitter_card":"summary_large_image","schema":{"@context":"https:\/\/schema.org","@graph":[{"@type":"WebPage","@id":"https:\/\/www.ent-brahem.com\/en\/contact\/","url":"https:\/\/www.ent-brahem.com\/en\/contact\/","name":"Contact - Ent brahem","isPartOf":{"@id":"https:\/\/www.ent-brahem.com\/#website"},"datePublished":"2020-02-07T02:19:20+00:00","dateModified":"2022-08-16T13:00:23+00:00","breadcrumb":{"@id":"https:\/\/www.ent-brahem.com\/en\/contact\/#breadcrumb"},"inLanguage":"en-US","potentialAction":[{"@type":"ReadAction","target":["https:\/\/www.ent-brahem.com\/en\/contact\/"]}]},{"@type":"BreadcrumbList","@id":"https:\/\/www.ent-brahem.com\/en\/contact\/#breadcrumb","itemListElement":[{"@type":"ListItem","position":1,"name":"Accueil","item":"https:\/\/www.ent-brahem.com\/en\/"},{"@type":"ListItem","position":2,"name":"Contact"}]},{"@type":"WebSite","@id":"https:\/\/www.ent-brahem.com\/#website","url":"https:\/\/www.ent-brahem.com\/","name":"Ent brahem","description":"Entreprise Brahem Equipement","potentialAction":[{"@type":"SearchAction","target":{"@type":"EntryPoint","urlTemplate":"https:\/\/www.ent-brahem.com\/?s={search_term_string}"},"query-input":"required name=search_term_string"}],"inLanguage":"en-US"}]}},"_links":{"self":[{"href":"https:\/\/www.ent-brahem.com\/en\/wp-json\/wp\/v2\/pages\/8046"}],"collection":[{"href":"https:\/\/www.ent-brahem.com\/en\/wp-json\/wp\/v2\/pages"}],"about":[{"href":"https:\/\/www.ent-brahem.com\/en\/wp-json\/wp\/v2\/types\/page"}],"author":[{"embeddable":true,"href":"https:\/\/www.ent-brahem.com\/en\/wp-json\/wp\/v2\/users\/1"}],"replies":[{"embeddable":true,"href":"https:\/\/www.ent-brahem.com\/en\/wp-json\/wp\/v2\/comments?post=8046"}],"version-history":[{"count":6,"href":"https:\/\/www.ent-brahem.com\/en\/wp-json\/wp\/v2\/pages\/8046\/revisions"}],"predecessor-version":[{"id":11746,"href":"https:\/\/www.ent-brahem.com\/en\/wp-json\/wp\/v2\/pages\/8046\/revisions\/11746"}],"wp:attachment":[{"href":"https:\/\/www.ent-brahem.com\/en\/wp-json\/wp\/v2\/media?parent=8046"}],"curies":[{"name":"wp","href":"https:\/\/api.w.org\/{rel}","templated":true}]}}