{"id":9282,"date":"2019-11-11T08:33:51","date_gmt":"2019-11-11T07:33:51","guid":{"rendered":"https:\/\/www.ent-brahem.com\/services-v-1\/"},"modified":"2022-09-07T13:00:12","modified_gmt":"2022-09-07T11:00:12","slug":"services","status":"publish","type":"page","link":"https:\/\/www.ent-brahem.com\/en\/our-expertise\/services\/","title":{"rendered":"Services"},"content":{"rendered":"\t\t<div data-elementor-type=\"wp-page\" data-elementor-id=\"9282\" class=\"elementor elementor-9282 elementor-407\" data-elementor-settings=\"[]\">\n\t\t\t\t\t\t\t<div class=\"elementor-section-wrap\">\n\t\t\t\t\t        <section class=\"elementor-section elementor-top-section elementor-element elementor-element-517bf16 Services-home elementor-section-boxed elementor-section-height-default elementor-section-height-default ct-header-fixed-none ct-row-max-none\" data-id=\"517bf16\" data-element_type=\"section\">\n            \n                        <div class=\"elementor-container elementor-column-gap-default \">\n                    <div class=\"elementor-column elementor-col-25 elementor-top-column elementor-element elementor-element-66e1453\" data-id=\"66e1453\" data-element_type=\"column\">\n            <div class=\"elementor-widget-wrap elementor-element-populated\">\n                        \t\t<div class=\"elementor-element elementor-element-c8a751f elementor-widget elementor-widget-ct_fancy_box\" data-id=\"c8a751f\" data-element_type=\"widget\" data-widget_type=\"ct_fancy_box.default\">\n\t\t\t\t<div class=\"elementor-widget-container\">\n\t\t\t<div class=\"ct-fancy-box ct-fancy-box-layout6 wow fadeInUp\" data-wow-delay=\"ms\">\n            <div class=\"item--icon\">\n            <i aria-hidden=\"true\" class=\"flaticon flaticon-skill\"><\/i>        <\/div>\n            <div class=\"item--holder\">\n        <h3 class=\"item--title\">\n            D\u00e9partement \u00e9lectrom\u00e9canique        <\/h3>\n        <div class=\"item--description\">Un d\u00e9partement bas\u00e9 sur notre agr\u00e9ment B2 cat\u00e9gorie 5 illimit\u00e9. Ce d\u00e9partement Int\u00e9grant Une \u00e9quipe polyvalente avec comp\u00e9tences <\/div>\n    <\/div>\n            <a class=\"item--link\" href=\"https:\/\/www.ent-brahem.com\/notre-expertise\/services\/electromecanique\/\"><\/a>\n    <\/div>\t\t<\/div>\n\t\t\t\t<\/div>\n\t\t            <\/div>\n        <\/div>\n                <div class=\"elementor-column elementor-col-25 elementor-top-column elementor-element elementor-element-2976950\" data-id=\"2976950\" data-element_type=\"column\">\n            <div class=\"elementor-widget-wrap elementor-element-populated\">\n                        \t\t<div class=\"elementor-element elementor-element-bc63cab elementor-widget elementor-widget-ct_fancy_box\" data-id=\"bc63cab\" data-element_type=\"widget\" data-widget_type=\"ct_fancy_box.default\">\n\t\t\t\t<div class=\"elementor-widget-container\">\n\t\t\t<div class=\"ct-fancy-box ct-fancy-box-layout6 wow fadeInUp\" data-wow-delay=\"ms\">\n            <div class=\"item--icon\">\n            <i aria-hidden=\"true\" class=\"flaticon flaticon-setting-spanner\"><\/i>        <\/div>\n            <div class=\"item--holder\">\n        <h3 class=\"item--title\">\n            D\u00e9partement S\u00e9curit\u00e9 incendie        <\/h3>\n        <div class=\"item--description\">Un d\u00e9partement bas\u00e9 sur notre agr\u00e9ment B4 cat\u00e9gorie 5 illimit\u00e9. Notre d\u00e9partement de s\u00e9curit\u00e9 incendie assure la s\u00e9curit\u00e9 des biens en cas d\u2019incendie. <\/div>\n    <\/div>\n            <a class=\"item--link\" href=\"https:\/\/www.ent-brahem.com\/notre-expertise\/services\/securite-incendie\/\"><\/a>\n    <\/div>\t\t<\/div>\n\t\t\t\t<\/div>\n\t\t            <\/div>\n        <\/div>\n                <div class=\"elementor-column elementor-col-25 elementor-top-column elementor-element elementor-element-9994c01\" data-id=\"9994c01\" data-element_type=\"column\">\n            <div class=\"elementor-widget-wrap elementor-element-populated\">\n                        \t\t<div class=\"elementor-element elementor-element-3a5df43 elementor-widget elementor-widget-ct_fancy_box\" data-id=\"3a5df43\" data-element_type=\"widget\" data-widget_type=\"ct_fancy_box.default\">\n\t\t\t\t<div class=\"elementor-widget-container\">\n\t\t\t<div class=\"ct-fancy-box ct-fancy-box-layout6 wow fadeInUp\" data-wow-delay=\"ms\">\n            <div class=\"item--icon\">\n            <i aria-hidden=\"true\" class=\"flaticon flaticon-bar-graph\"><\/i>        <\/div>\n            <div class=\"item--holder\">\n        <h3 class=\"item--title\">\n            D\u00e9partement Ascenseur        <\/h3>\n        <div class=\"item--description\">Un d\u00e9partement bas\u00e9 sur notre agr\u00e9ment B12. De nombreuses suites logicielles de mise en page ou \u00e9diteurs de sites Web ont fait du<\/div>\n    <\/div>\n            <a class=\"item--link\" href=\"https:\/\/www.ent-brahem.com\/notre-expertise\/services\/ascenseur\/\"><\/a>\n    <\/div>\t\t<\/div>\n\t\t\t\t<\/div>\n\t\t            <\/div>\n        <\/div>\n                <div class=\"elementor-column elementor-col-25 elementor-top-column elementor-element elementor-element-2cdf511\" data-id=\"2cdf511\" data-element_type=\"column\">\n            <div class=\"elementor-widget-wrap elementor-element-populated\">\n                        \t\t<div class=\"elementor-element elementor-element-1884c61 elementor-widget elementor-widget-ct_fancy_box\" data-id=\"1884c61\" data-element_type=\"widget\" data-widget_type=\"ct_fancy_box.default\">\n\t\t\t\t<div class=\"elementor-widget-container\">\n\t\t\t<div class=\"ct-fancy-box ct-fancy-box-layout6 wow fadeInUp\" data-wow-delay=\"ms\">\n            <div class=\"item--icon\">\n            <i aria-hidden=\"true\" class=\"flaticon flaticon-puzzle\"><\/i>        <\/div>\n            <div class=\"item--holder\">\n        <h3 class=\"item--title\">\n            D\u00e9partement Energie Renouvelable        <\/h3>\n        <div class=\"item--description\">De nombreuses suites logicielles de mise en page ou \u00e9diteurs de sites Web ont fait du Lorem Ipsum leur faux texte par d\u00e9faut<\/div>\n    <\/div>\n            <a class=\"item--link\" href=\"https:\/\/www.ent-brahem.com\/notre-expertise\/services\/energie-renouvelable\/\"><\/a>\n    <\/div>\t\t<\/div>\n\t\t\t\t<\/div>\n\t\t            <\/div>\n        <\/div>\n                            <\/div>\n        <\/section>\n        \t\t\t\t<\/div>\n\t\t\t\t\t<\/div>\n\t\t","protected":false},"excerpt":{"rendered":"<p>D\u00e9partement \u00e9lectrom\u00e9canique Un d\u00e9partement bas\u00e9 sur notre agr\u00e9ment B2 cat\u00e9gorie 5 illimit\u00e9. Ce d\u00e9partement Int\u00e9grant Une \u00e9quipe polyvalente avec comp\u00e9tences D\u00e9partement S\u00e9curit\u00e9 incendie Un d\u00e9partement bas\u00e9 sur notre agr\u00e9ment B4 cat\u00e9gorie 5 illimit\u00e9. Notre d\u00e9partement de s\u00e9curit\u00e9 incendie assure la s\u00e9curit\u00e9 des biens en cas d\u2019incendie. D\u00e9partement Ascenseur Un d\u00e9partement bas\u00e9 sur notre agr\u00e9ment B12. [&hellip;]<\/p>\n","protected":false},"author":1,"featured_media":0,"parent":8037,"menu_order":0,"comment_status":"closed","ping_status":"closed","template":"","meta":[],"yoast_head":"<!-- This site is optimized with the Yoast SEO Premium plugin v19.2.1 (Yoast SEO v19.6.1) - https:\/\/yoast.com\/wordpress\/plugins\/seo\/ -->\n<title>Services - Ent brahem<\/title>\n<meta name=\"robots\" content=\"index, follow, max-snippet:-1, max-image-preview:large, max-video-preview:-1\" \/>\n<link rel=\"canonical\" href=\"https:\/\/www.ent-brahem.com\/en\/our-expertise\/services\/\" \/>\n<meta property=\"og:locale\" content=\"en_US\" \/>\n<meta property=\"og:type\" content=\"article\" \/>\n<meta property=\"og:title\" content=\"Services\" \/>\n<meta property=\"og:description\" content=\"D\u00e9partement \u00e9lectrom\u00e9canique Un d\u00e9partement bas\u00e9 sur notre agr\u00e9ment B2 cat\u00e9gorie 5 illimit\u00e9. Ce d\u00e9partement Int\u00e9grant Une \u00e9quipe polyvalente avec comp\u00e9tences D\u00e9partement S\u00e9curit\u00e9 incendie Un d\u00e9partement bas\u00e9 sur notre agr\u00e9ment B4 cat\u00e9gorie 5 illimit\u00e9. Notre d\u00e9partement de s\u00e9curit\u00e9 incendie assure la s\u00e9curit\u00e9 des biens en cas d\u2019incendie. D\u00e9partement Ascenseur Un d\u00e9partement bas\u00e9 sur notre agr\u00e9ment B12. [&hellip;]\" \/>\n<meta property=\"og:url\" content=\"https:\/\/www.ent-brahem.com\/en\/our-expertise\/services\/\" \/>\n<meta property=\"og:site_name\" content=\"Ent brahem\" \/>\n<meta property=\"article:modified_time\" content=\"2022-09-07T11:00:12+00:00\" \/>\n<meta name=\"twitter:card\" content=\"summary_large_image\" \/>\n<meta name=\"twitter:label1\" content=\"Est. reading time\" \/>\n\t<meta name=\"twitter:data1\" content=\"1 minute\" \/>\n<script type=\"application\/ld+json\" class=\"yoast-schema-graph\">{\"@context\":\"https:\/\/schema.org\",\"@graph\":[{\"@type\":\"WebPage\",\"@id\":\"https:\/\/www.ent-brahem.com\/en\/our-expertise\/services\/\",\"url\":\"https:\/\/www.ent-brahem.com\/en\/our-expertise\/services\/\",\"name\":\"Services - Ent brahem\",\"isPartOf\":{\"@id\":\"https:\/\/www.ent-brahem.com\/#website\"},\"datePublished\":\"2019-11-11T07:33:51+00:00\",\"dateModified\":\"2022-09-07T11:00:12+00:00\",\"breadcrumb\":{\"@id\":\"https:\/\/www.ent-brahem.com\/en\/our-expertise\/services\/#breadcrumb\"},\"inLanguage\":\"en-US\",\"potentialAction\":[{\"@type\":\"ReadAction\",\"target\":[\"https:\/\/www.ent-brahem.com\/en\/our-expertise\/services\/\"]}]},{\"@type\":\"BreadcrumbList\",\"@id\":\"https:\/\/www.ent-brahem.com\/en\/our-expertise\/services\/#breadcrumb\",\"itemListElement\":[{\"@type\":\"ListItem\",\"position\":1,\"name\":\"Accueil\",\"item\":\"https:\/\/www.ent-brahem.com\/en\/\"},{\"@type\":\"ListItem\",\"position\":2,\"name\":\"Our Expertise\",\"item\":\"https:\/\/www.ent-brahem.com\/en\/our-expertise\/\"},{\"@type\":\"ListItem\",\"position\":3,\"name\":\"Services\"}]},{\"@type\":\"WebSite\",\"@id\":\"https:\/\/www.ent-brahem.com\/#website\",\"url\":\"https:\/\/www.ent-brahem.com\/\",\"name\":\"Ent brahem\",\"description\":\"Entreprise Brahem Equipement\",\"potentialAction\":[{\"@type\":\"SearchAction\",\"target\":{\"@type\":\"EntryPoint\",\"urlTemplate\":\"https:\/\/www.ent-brahem.com\/?s={search_term_string}\"},\"query-input\":\"required name=search_term_string\"}],\"inLanguage\":\"en-US\"}]}<\/script>\n<!-- \/ Yoast SEO Premium plugin. -->","yoast_head_json":{"title":"Services - Ent brahem","robots":{"index":"index","follow":"follow","max-snippet":"max-snippet:-1","max-image-preview":"max-image-preview:large","max-video-preview":"max-video-preview:-1"},"canonical":"https:\/\/www.ent-brahem.com\/en\/our-expertise\/services\/","og_locale":"en_US","og_type":"article","og_title":"Services","og_description":"D\u00e9partement \u00e9lectrom\u00e9canique Un d\u00e9partement bas\u00e9 sur notre agr\u00e9ment B2 cat\u00e9gorie 5 illimit\u00e9. Ce d\u00e9partement Int\u00e9grant Une \u00e9quipe polyvalente avec comp\u00e9tences D\u00e9partement S\u00e9curit\u00e9 incendie Un d\u00e9partement bas\u00e9 sur notre agr\u00e9ment B4 cat\u00e9gorie 5 illimit\u00e9. Notre d\u00e9partement de s\u00e9curit\u00e9 incendie assure la s\u00e9curit\u00e9 des biens en cas d\u2019incendie. D\u00e9partement Ascenseur Un d\u00e9partement bas\u00e9 sur notre agr\u00e9ment B12. [&hellip;]","og_url":"https:\/\/www.ent-brahem.com\/en\/our-expertise\/services\/","og_site_name":"Ent brahem","article_modified_time":"2022-09-07T11:00:12+00:00","twitter_card":"summary_large_image","twitter_misc":{"Est. reading time":"1 minute"},"schema":{"@context":"https:\/\/schema.org","@graph":[{"@type":"WebPage","@id":"https:\/\/www.ent-brahem.com\/en\/our-expertise\/services\/","url":"https:\/\/www.ent-brahem.com\/en\/our-expertise\/services\/","name":"Services - Ent brahem","isPartOf":{"@id":"https:\/\/www.ent-brahem.com\/#website"},"datePublished":"2019-11-11T07:33:51+00:00","dateModified":"2022-09-07T11:00:12+00:00","breadcrumb":{"@id":"https:\/\/www.ent-brahem.com\/en\/our-expertise\/services\/#breadcrumb"},"inLanguage":"en-US","potentialAction":[{"@type":"ReadAction","target":["https:\/\/www.ent-brahem.com\/en\/our-expertise\/services\/"]}]},{"@type":"BreadcrumbList","@id":"https:\/\/www.ent-brahem.com\/en\/our-expertise\/services\/#breadcrumb","itemListElement":[{"@type":"ListItem","position":1,"name":"Accueil","item":"https:\/\/www.ent-brahem.com\/en\/"},{"@type":"ListItem","position":2,"name":"Our Expertise","item":"https:\/\/www.ent-brahem.com\/en\/our-expertise\/"},{"@type":"ListItem","position":3,"name":"Services"}]},{"@type":"WebSite","@id":"https:\/\/www.ent-brahem.com\/#website","url":"https:\/\/www.ent-brahem.com\/","name":"Ent brahem","description":"Entreprise Brahem Equipement","potentialAction":[{"@type":"SearchAction","target":{"@type":"EntryPoint","urlTemplate":"https:\/\/www.ent-brahem.com\/?s={search_term_string}"},"query-input":"required name=search_term_string"}],"inLanguage":"en-US"}]}},"_links":{"self":[{"href":"https:\/\/www.ent-brahem.com\/en\/wp-json\/wp\/v2\/pages\/9282"}],"collection":[{"href":"https:\/\/www.ent-brahem.com\/en\/wp-json\/wp\/v2\/pages"}],"about":[{"href":"https:\/\/www.ent-brahem.com\/en\/wp-json\/wp\/v2\/types\/page"}],"author":[{"embeddable":true,"href":"https:\/\/www.ent-brahem.com\/en\/wp-json\/wp\/v2\/users\/1"}],"replies":[{"embeddable":true,"href":"https:\/\/www.ent-brahem.com\/en\/wp-json\/wp\/v2\/comments?post=9282"}],"version-history":[{"count":40,"href":"https:\/\/www.ent-brahem.com\/en\/wp-json\/wp\/v2\/pages\/9282\/revisions"}],"predecessor-version":[{"id":11927,"href":"https:\/\/www.ent-brahem.com\/en\/wp-json\/wp\/v2\/pages\/9282\/revisions\/11927"}],"up":[{"embeddable":true,"href":"https:\/\/www.ent-brahem.com\/en\/wp-json\/wp\/v2\/pages\/8037"}],"wp:attachment":[{"href":"https:\/\/www.ent-brahem.com\/en\/wp-json\/wp\/v2\/media?parent=9282"}],"curies":[{"name":"wp","href":"https:\/\/api.w.org\/{rel}","templated":true}]}}